{"id":394,"date":"2022-02-18T12:13:13","date_gmt":"2022-02-18T17:13:13","guid":{"rendered":"https:\/\/outreach.cleo.on.ca\/?page_id=394"},"modified":"2025-09-04T15:11:01","modified_gmt":"2025-09-04T19:11:01","slug":"subscribe-cleo-connect","status":"publish","type":"page","link":"https:\/\/outreach.cleo.on.ca\/fr\/subscribe-cleo-connect\/","title":{"rendered":"Abonnez-vous aux courriels de CLEO"},"content":{"rendered":"<p>Voici vos options pour rester inform\u00e9s sur nous :<\/p>\n<ul>\n<li><strong data-rich-text-format-boundary=\"true\">Les mises \u00e0 jour de CLEO<\/strong> qui vous donnent des nouvelles sur les ressources d\u2019information juridique de CLEO, les nouveaux contenus des sites web Justice pas-\u00e0-pas et Steps to Justice, et le bulletin juridique bimensuel \u00ab Sur le radar \u00bb.<\/li>\n<li><strong>Les mises \u00e0 jour de CLEO Connect<\/strong> comportent des informations, des outils et des ressources que les intervenant.e.s communautaires peuvent utiliser pour aider leurs client.e.s dans la r\u00e9solution des probl\u00e8mes juridiques. Elles offrent un acc\u00e8s aux derni\u00e8res ressources d\u2019informations juridiques et aux webinaires de formation qui sont ajout\u00e9s \u00e0 Vos droits juridiques.<\/li>\n<\/ul>\n<p>Pour voir les anciennes mises \u00e0 jour, visitez l\u2019<a href=\"https:\/\/www.cleo.on.ca\/fr\/nouveautes\" target=\"_blank\" rel=\"noreferrer noopener\">archive des mises \u00e0 jour de CLEO<\/a>.<\/p>\n<p>Pour ajouter votre nom \u00e0 la liste de diffusion, veuillez remplir le formulaire ci-dessous :<\/p>\n\n<p>[civicrm component=\u00a0\u00bbprofile\u00a0\u00bb mode=\u00a0\u00bby\u00a0\u00bb gid=\u00a0\u00bb19&Prime;]<\/p>\n\n\n<h3>D\u00e9claration de confidentialit\u00e9<\/h3>\n<p>Si vous vous abonnez \u00e0 l\u2019infolettre&nbsp;de CLEO, nous ne vous enverrons pas de pourriels, et nous ne divulguerons pas votre adresse courriel. Pour en savoir plus, consultez notre&nbsp;<a href=\"https:\/\/www.cleo.on.ca\/fr\/declaration-de-confidentialite\" target=\"_blank\" rel=\"noopener\">D\u00e9claration de confidentialit\u00e9<\/a>. Si vous avez des questions ou souhaitez obtenir de plus amples renseignements,&nbsp;<a href=\"https:\/\/www.cleo.on.ca\/fr\/contactez-nous\" target=\"_blank\" rel=\"noopener\">contactez-nous.<\/a><\/p>","protected":false},"excerpt":{"rendered":"<p>Voici vos options pour rester inform\u00e9s sur nous :<\/p>\n<p>Les mises \u00e0 jour de CLEO qui vous donnent des nouvelles sur les ressources d\u2019information juridique de CLEO, les nouveaux contenus des sites web Justice pas-\u00e0-pas et Steps to Justice, et le bulletin juridique bimensuel \u00ab Sur le radar \u00bb.<br \/>\nLes mises \u00e0 jour de CLEO Connect comportent des informations,<\/p>\n","protected":false},"author":1,"featured_media":0,"parent":0,"menu_order":0,"comment_status":"closed","ping_status":"closed","template":"template-subscribe-cleo.php","meta":{"inline_featured_image":false,"footnotes":""},"class_list":["post-394","page","type-page","status-publish","hentry"],"_links":{"self":[{"href":"https:\/\/outreach.cleo.on.ca\/fr\/wp-json\/wp\/v2\/pages\/394","targetHints":{"allow":["GET"]}}],"collection":[{"href":"https:\/\/outreach.cleo.on.ca\/fr\/wp-json\/wp\/v2\/pages"}],"about":[{"href":"https:\/\/outreach.cleo.on.ca\/fr\/wp-json\/wp\/v2\/types\/page"}],"author":[{"embeddable":true,"href":"https:\/\/outreach.cleo.on.ca\/fr\/wp-json\/wp\/v2\/users\/1"}],"replies":[{"embeddable":true,"href":"https:\/\/outreach.cleo.on.ca\/fr\/wp-json\/wp\/v2\/comments?post=394"}],"version-history":[{"count":7,"href":"https:\/\/outreach.cleo.on.ca\/fr\/wp-json\/wp\/v2\/pages\/394\/revisions"}],"predecessor-version":[{"id":1055,"href":"https:\/\/outreach.cleo.on.ca\/fr\/wp-json\/wp\/v2\/pages\/394\/revisions\/1055"}],"wp:attachment":[{"href":"https:\/\/outreach.cleo.on.ca\/fr\/wp-json\/wp\/v2\/media?parent=394"}],"curies":[{"name":"wp","href":"https:\/\/api.w.org\/{rel}","templated":true}]}}