{"id":392,"date":"2022-02-18T11:45:39","date_gmt":"2022-02-18T16:45:39","guid":{"rendered":"https:\/\/outreach.cleo.on.ca\/?page_id=392"},"modified":"2025-09-29T16:47:31","modified_gmt":"2025-09-29T20:47:31","slug":"subscribe-cleo","status":"publish","type":"page","link":"https:\/\/outreach.cleo.on.ca\/fr\/subscribe-cleo\/","title":{"rendered":"Abonnez-vous aux courriels de CLEO"},"content":{"rendered":"\n<p>Voici vos options pour rester inform\u00e9s sur nous :<\/p>\n\n\n\n<ul class=\"wp-block-list\"><li><strong>Les mises \u00e0 jour de CLEO<\/strong> qui vous donnent des nouvelles sur les ressources d\u2019information juridique de CLEO, les nouveaux contenus des sites web <span style=\"white-space: nowrap;\">Justice pas-\u00e0-pas<\/span> et Steps to Justice, et le bulletin juridique bimensuel \u00ab Sur le radar \u00bb.<\/li><li><strong>Les mises \u00e0 jour de CLEO Connect<\/strong> incluent des informations, des outils et des ressources que les intervenant(e)s communautaires peuvent utiliser pour aider leurs client(e)s ayant des probl\u00e8mes juridiques. Cela inclut nos lettres d\u2019informations mensuelles, les webinaires \u00e0 venir, et les ressources les plus r\u00e9centes en mati\u00e8re d\u2019information juridique.<\/li><\/ul>\n\n\n\n<p>Pour voir les anciennes mises \u00e0 jour, visitez l\u2019<a href=\"https:\/\/www.cleo.on.ca\/fr\/nouveautes\" target=\"_blank\" rel=\"noreferrer noopener\">archive des mises \u00e0 jour de CLEO<\/a>.<\/p>\n\n\n\n<p>Pour ajouter votre nom \u00e0 la liste de diffusion, veuillez remplir le formulaire ci-dessous :<\/p>\n\n\n<p>[civicrm component=\u00a0\u00bbprofile\u00a0\u00bb mode=\u00a0\u00bby\u00a0\u00bb gid=\u00a0\u00bb19&Prime;]<\/p>\n\n\n<h3>D\u00e9claration de confidentialit\u00e9<\/h3>\n<p>Si vous vous abonnez \u00e0 l\u2019infolettre&nbsp;de CLEO, nous ne vous enverrons pas de pourriels, et nous ne divulguerons pas votre adresse courriel. Pour en savoir plus, consultez notre&nbsp;<a href=\"https:\/\/www.cleo.on.ca\/fr\/declaration-de-confidentialite\" target=\"_blank\" rel=\"noopener\">D\u00e9claration de confidentialit\u00e9<\/a>. Si vous avez des questions ou souhaitez obtenir de plus amples renseignements,&nbsp;<a href=\"https:\/\/www.cleo.on.ca\/fr\/contactez-nous\" target=\"_blank\" rel=\"noopener\">contactez-nous.<\/a><\/p>","protected":false},"excerpt":{"rendered":"<p>Voici vos options pour rester inform\u00e9s sur nous :<\/p>\n<p>Les mises \u00e0 jour de CLEO qui vous donnent des nouvelles sur les ressources d\u2019information juridique de CLEO, les nouveaux contenus des sites web Justice pas-\u00e0-pas et Steps to Justice, et le bulletin juridique bimensuel \u00ab Sur le radar \u00bb.Les mises \u00e0 jour de CLEO Connect incluent des informations,<\/p>\n","protected":false},"author":1,"featured_media":0,"parent":0,"menu_order":0,"comment_status":"closed","ping_status":"closed","template":"template-subscribe-cleo.php","meta":{"inline_featured_image":false,"footnotes":""},"class_list":["post-392","page","type-page","status-publish","hentry"],"_links":{"self":[{"href":"https:\/\/outreach.cleo.on.ca\/fr\/wp-json\/wp\/v2\/pages\/392","targetHints":{"allow":["GET"]}}],"collection":[{"href":"https:\/\/outreach.cleo.on.ca\/fr\/wp-json\/wp\/v2\/pages"}],"about":[{"href":"https:\/\/outreach.cleo.on.ca\/fr\/wp-json\/wp\/v2\/types\/page"}],"author":[{"embeddable":true,"href":"https:\/\/outreach.cleo.on.ca\/fr\/wp-json\/wp\/v2\/users\/1"}],"replies":[{"embeddable":true,"href":"https:\/\/outreach.cleo.on.ca\/fr\/wp-json\/wp\/v2\/comments?post=392"}],"version-history":[{"count":13,"href":"https:\/\/outreach.cleo.on.ca\/fr\/wp-json\/wp\/v2\/pages\/392\/revisions"}],"predecessor-version":[{"id":1059,"href":"https:\/\/outreach.cleo.on.ca\/fr\/wp-json\/wp\/v2\/pages\/392\/revisions\/1059"}],"wp:attachment":[{"href":"https:\/\/outreach.cleo.on.ca\/fr\/wp-json\/wp\/v2\/media?parent=392"}],"curies":[{"name":"wp","href":"https:\/\/api.w.org\/{rel}","templated":true}]}}